{"id":18663,"date":"2019-08-23T14:08:07","date_gmt":"2019-08-23T12:08:07","guid":{"rendered":"https:\/\/allplaysport.com\/consultoria-esportiva\/"},"modified":"2020-09-24T17:05:59","modified_gmt":"2020-09-24T15:05:59","slug":"consultoria-esportiva","status":"publish","type":"page","link":"https:\/\/allplaysport.com\/ca\/consultoria-esportiva\/","title":{"rendered":"Consultoria esportiva"},"content":{"rendered":"<div class=\"wpb-content-wrapper\"><p>[vc_row bg_image=&#8221;18015&#8243; parallax_bg=&#8221;true&#8221; text_align=&#8221;center&#8221; top_padding=&#8221;150&#8243; bottom_padding=&#8221;150&#8243; class=&#8221;skewedBoxBOTTOM&#8221;][vc_column animation=&#8221;fade-in-from-bottom&#8221; width=&#8221;1\/1&#8243; delay=&#8221;650&#8243;]<div class=\"single_image wpb_content_element align-center    \" data-animation=\"none\" data-delay=\"0\"><img decoding=\"async\" src=\"https:\/\/allplaysport.com\/wp-content\/uploads\/2019\/07\/all-play-logo-blanc-central.svg\" class=\"attachment-full\" alt=\"\" title=\"all-play-logo-blanc-central\" \/><\/div>[\/vc_column][\/vc_row][vc_row top_padding=&#8221;80&#8243; bottom_padding=&#8221;100&#8243; class=&#8221;skewedBoxBOTTOM&#8221;][vc_column animation=&#8221;fade-in-from-bottom&#8221; column_center=&#8221;true&#8221; width=&#8221;1\/2&#8243; delay=&#8221;650&#8243;][vc_column_text]<\/p>\n<h4><em><span style=\"color: #0fbcf9;\"><strong>\/<\/strong><\/span> <span style=\"color: #01185c;\">Consultoria Esportiva<\/span><\/em><\/h4>\n<p>[\/vc_column_text]<h3 class=\"headline font-inherit fontsize-l fontweight-300 lh-14 align-left transform-inherit \" style=\"margin: 0 0 20px 0; color: #0a0a0a;\">A All Play proposem un an\u00e0lisis en profunditat de la situaci\u00f3 actual, reformular els objectius i tra\u00e7ar un pla detallat per \u00e0rees i amb les diferents accions pertinents a realitzar per arribar a aconseguir els objectius en el termini\u00a0 estimat.<br \/>\n<\/h3>[\/vc_column][vc_column column_center=&#8221;true&#8221; width=&#8221;1\/2&#8243;]<div class=\"single_image wpb_content_element align-center  image_box_circle image_box_shadow image_greyscale \" data-animation=\"none\" data-delay=\"0\"><img loading=\"lazy\" decoding=\"async\" width=\"1140\" height=\"1140\" src=\"https:\/\/allplaysport.com\/wp-content\/uploads\/2019\/07\/RODONES_consultoria.jpg\" class=\"attachment-full\" alt=\"\" title=\"RODONES_consultoria\" srcset=\"https:\/\/allplaysport.com\/wp-content\/uploads\/2019\/07\/RODONES_consultoria.jpg 1140w, https:\/\/allplaysport.com\/wp-content\/uploads\/2019\/07\/RODONES_consultoria-150x150.jpg 150w, https:\/\/allplaysport.com\/wp-content\/uploads\/2019\/07\/RODONES_consultoria-300x300.jpg 300w, https:\/\/allplaysport.com\/wp-content\/uploads\/2019\/07\/RODONES_consultoria-768x768.jpg 768w, https:\/\/allplaysport.com\/wp-content\/uploads\/2019\/07\/RODONES_consultoria-1024x1024.jpg 1024w, https:\/\/allplaysport.com\/wp-content\/uploads\/2019\/07\/RODONES_consultoria-80x80.jpg 80w, https:\/\/allplaysport.com\/wp-content\/uploads\/2019\/07\/RODONES_consultoria-500x500.jpg 500w, https:\/\/allplaysport.com\/wp-content\/uploads\/2019\/07\/RODONES_consultoria-1000x1000.jpg 1000w\" sizes=\"auto, (max-width: 1140px) 100vw, 1140px\" \/><\/div>[\/vc_column][\/vc_row][vc_row top_padding=&#8221;80&#8243; bottom_padding=&#8221;40&#8243; row_id=&#8221;INTRO&#8221;][vc_column animation=&#8221;fade-in-from-left&#8221; column_padding=&#8221;padding-2&#8243; width=&#8221;1\/1&#8243; delay=&#8221;350&#8243;][vc_column_text]<\/p>\n<h3><em><span style=\"color: #0fbcf9;\"><strong>\/<\/strong><\/span> <span style=\"color: #01185c;\">A QUI VA DIRIGIT?<\/span><\/em><\/h3>\n<p>[\/vc_column_text]<div class=\"divider divider4\" style='margin:20px 0 20px 0 !important;'><\/div>[vc_row_inner][vc_column_inner width=&#8221;1\/3&#8243; css=&#8221;.vc_custom_1561456159789{padding-top: 3% !important;padding-right: 3% !important;padding-bottom: 3% !important;padding-left: 3% !important;}&#8221;][vc_column_text]<\/p>\n<h6 style=\"text-align: left;\"><em><span style=\"color: #0fbcf9;\"><strong>\/ <\/strong><\/span><\/em><span style=\"color: #01185c;\">CLUBS E INSTALACIONS ESPORTIVES<\/span><\/h6>\n<p>[\/vc_column_text][\/vc_column_inner][vc_column_inner width=&#8221;1\/3&#8243; css=&#8221;.vc_custom_1561456175793{padding-top: 3% !important;padding-right: 3% !important;padding-bottom: 3% !important;padding-left: 3% !important;}&#8221;]<div class=\"minti_list wpb_content_element color-accent checkbox show_separator\" style=\"\">\n<ul>\n<li>An\u00e0lisis actual del club en les diferents \u00e0rees<\/li>\n<li>Oferir formaci\u00f3 i eines per arribar a aconseguir els objectius<\/li>\n<li>Estudi del target del club i possibles clients<\/li>\n<\/ul>\n<\/div>[\/vc_column_inner][vc_column_inner width=&#8221;1\/3&#8243; css=&#8221;.vc_custom_1561634081560{padding-top: 3% !important;padding-right: 3% !important;padding-bottom: 3% !important;padding-left: 3% !important;}&#8221;]<div class=\"minti_list wpb_content_element color-accent checkbox show_separator\" style=\"\">\n<ul>\n<li>Pla de comunicaci\u00f3 esportiva integral<\/li>\n<li>Planificaci\u00f3 del calendari d\u2019esdeveniments<\/li>\n<li>Seguiment mensual del club<\/li>\n<li>Gesti\u00f3 de patrocini<\/li>\n<\/ul>\n<\/div>[\/vc_column_inner][\/vc_row_inner]<div class=\"divider divider4\" style='margin:20px 0 20px 0 !important;'><\/div>[vc_row_inner][vc_column_inner width=&#8221;1\/3&#8243; css=&#8221;.vc_custom_1561456159789{padding-top: 3% !important;padding-right: 3% !important;padding-bottom: 3% !important;padding-left: 3% !important;}&#8221;][vc_column_text]<\/p>\n<h6 style=\"text-align: left;\"><em><span style=\"color: #0fbcf9;\"><strong>\/<\/strong><\/span> <span style=\"color: #01185c;\">ENTITATS I MARQUES<\/span><\/em><\/h6>\n<p>[\/vc_column_text][\/vc_column_inner][vc_column_inner width=&#8221;1\/3&#8243; css=&#8221;.vc_custom_1561456175793{padding-top: 3% !important;padding-right: 3% !important;padding-bottom: 3% !important;padding-left: 3% !important;}&#8221;]<div class=\"minti_list wpb_content_element color-accent checkbox show_separator\" style=\"\">\n<ul>\n<li>Posicionament en el mercat<\/li>\n<li>An\u00e0lisis de creixement en nous mercats<\/li>\n<li>An\u00e0lisis de la compet\u00e8ncia i possibles aliats<\/li>\n<\/ul>\n<\/div>[\/vc_column_inner][vc_column_inner width=&#8221;1\/3&#8243; css=&#8221;.vc_custom_1561634081560{padding-top: 3% !important;padding-right: 3% !important;padding-bottom: 3% !important;padding-left: 3% !important;}&#8221;]<div class=\"minti_list wpb_content_element color-accent checkbox show_separator\" style=\"\">\n<ul>\n<li>Pla de comunicaci\u00f3 integral<\/li>\n<li>Planificaci\u00f3 d\u2019 accions per a posicionar la marca<\/li>\n<\/ul>\n<\/div>[\/vc_column_inner][\/vc_row_inner]<div class=\"divider divider4\" style='margin:20px 0 20px 0 !important;'><\/div>[\/vc_column][\/vc_row][vc_row][vc_column][vc_column_text]<br \/>\n[\/vc_column_text][\/vc_column][\/vc_row][vc_row top_padding=&#8221;80&#8243; bottom_padding=&#8221;60&#8243;][vc_column width=&#8221;2\/3&#8243;][vc_column_text]<\/p>\n<h3><em><span style=\"color: #0fbcf9;\"><strong>\/<\/strong><\/span> <span style=\"color: #01185c;\">PROYECTES REALITZATS<\/span><\/em><\/h3>\n<p>[\/vc_column_text][\/vc_column][vc_column text_align=&#8221;right&#8221; width=&#8221;1\/3&#8243;]<div class=\"spacer\" style=\"height: 15px;\"><\/div><a href=\"https:\/\/allplaysport.com\/ca\/projectes\/\" target=\"_self\" class=\"button color-3 large \" style=\"border-radius: 0px;\">VEURE TOTS ELS PROJECTES<\/a>[\/vc_column][\/vc_row][vc_row type=&#8221;full_width_section&#8221; top_padding=&#8221;40&#8243; bottom_padding=&#8221;0&#8243;][vc_column width=&#8221;1\/1&#8243;]\n\t\t<div class=\"portfolio-element\">\n\n\t\t\n\t\t\n\t\t\t\t\t<div id=\"1406365287\" class=\"portfolio-items portfolio-nomargin portfolio-overlay-icon clearfix\" data-id=\"1406365287\">  \n\t\t\t\t\t\t\n\t\t\t\t\t\t\t\n\t\t\t\t\t\t\t\n\t\t\t\t\t\t\n\t\t\t\t\t\t\t\t\t\t\t\t\t\t\t\t\n\t\t\t\t\t\t\t\t   \n\n\t\t\t\t\t\t\t\t<div class=\"term-destacats portfolio-item nomargin\">\n\t\t\t\t\t\t\t\t\t<div class=\"portfolio-image\"><a href=\"https:\/\/allplaysport.com\/ca\/portfolio-item\/ba-padel-barcelona-golf\/\" title=\"Ba padel Barcelona Golf Resort\"><div class=\"portfolio-image-img\"><img decoding=\"async\" src=\"https:\/\/allplaysport.com\/wp-content\/uploads\/2023\/03\/BaPadel-600x400.jpg\" alt=\"Ba padel Barcelona Golf Resort\" \/><\/div><div class=\"portfolio-overlay overlay-icon\"><\/div><i class=\"icon-minti-plus\"><\/i><\/a><\/div>\n\t\t\t\t\t\t\t\t<\/div>\n\n\t\t\t\t\t\t\t\t\t\t\t\t  \n\t\t\t\t\t\t\n\t\t\t\t\t\t\t\n\t\t\t\t\t\t\t\n\t\t\t\t\t\t\n\t\t\t\t\t\t\t\t\t\t\t\t\t\t\t\t\n\t\t\t\t\t\t\t\t   \n\n\t\t\t\t\t\t\t\t<div class=\"term-destacats portfolio-item nomargin\">\n\t\t\t\t\t\t\t\t\t<div class=\"portfolio-image\"><a href=\"https:\/\/allplaysport.com\/ca\/portfolio-item\/padel-agenda-app\/\" title=\"Padel Agenda App\"><div class=\"portfolio-image-img\"><img decoding=\"async\" src=\"https:\/\/allplaysport.com\/wp-content\/uploads\/2021\/07\/PadelAgenda-600x400.jpg\" alt=\"Padel Agenda App\" \/><\/div><div class=\"portfolio-overlay overlay-icon\"><\/div><i class=\"icon-minti-plus\"><\/i><\/a><\/div>\n\t\t\t\t\t\t\t\t<\/div>\n\n\t\t\t\t\t\t\t\t\t\t\t\t  \n\t\t\t\t\t\t\n\t\t\t\t\t\t\t\n\t\t\t\t\t\t\t\n\t\t\t\t\t\t\n\t\t\t\t\t\t\t\t\t\t\t\t\t\t\t\t\n\t\t\t\t\t\t\t\t   \n\n\t\t\t\t\t\t\t\t<div class=\"term-destacats portfolio-item nomargin\">\n\t\t\t\t\t\t\t\t\t<div class=\"portfolio-image\"><a href=\"https:\/\/allplaysport.com\/ca\/portfolio-item\/koeman-cup-2022\/\" title=\"Koeman Cup 2022\"><div class=\"portfolio-image-img\"><img decoding=\"async\" src=\"https:\/\/allplaysport.com\/wp-content\/uploads\/2022\/07\/KOEMAN-CUP-2022-1-600x400.jpg\" alt=\"Koeman Cup 2022\" \/><\/div><div class=\"portfolio-overlay overlay-icon\"><\/div><i class=\"icon-minti-plus\"><\/i><\/a><\/div>\n\t\t\t\t\t\t\t\t<\/div>\n\n\t\t\t\t\t\t\t\t\t\t\t\t  \n\t\t\t\t\t\t\n\t\t\t\t\t\t\t\n\t\t\t\t\t\t\t\n\t\t\t\t\t\t\n\t\t\t\t\t\t\t\t\t\t\t\t\t\t\t\t\n\t\t\t\t\t\t\t\t   \n\n\t\t\t\t\t\t\t\t<div class=\"term-destacats portfolio-item nomargin\">\n\t\t\t\t\t\t\t\t\t<div class=\"portfolio-image\"><a href=\"https:\/\/allplaysport.com\/ca\/portfolio-item\/koeman-cup-2021\/\" title=\"Koeman Cup 2021\"><div class=\"portfolio-image-img\"><img decoding=\"async\" src=\"https:\/\/allplaysport.com\/wp-content\/uploads\/2021\/12\/kc2021-600x400.jpg\" alt=\"Koeman Cup 2021\" \/><\/div><div class=\"portfolio-overlay overlay-icon\"><\/div><i class=\"icon-minti-plus\"><\/i><\/a><\/div>\n\t\t\t\t\t\t\t\t<\/div>\n\n\t\t\t\t\t\t\t\t\t\t\t\t  \n\t\t\t\t\t\t\t\t\t\t\t<\/div>\n\n\t\t\n\t\t<\/div>\n\t\t\t\n\t\t\t\t\n\t\t[\/vc_column][\/vc_row]<\/p>\n<\/div>","protected":false},"excerpt":{"rendered":"<p>[vc_row bg_image=&#8221;18015&#8243; parallax_bg=&#8221;true&#8221; text_align=&#8221;center&#8221; top_padding=&#8221;150&#8243; bottom_padding=&#8221;150&#8243; class=&#8221;skewedBoxBOTTOM&#8221;][vc_column animation=&#8221;fade-in-from-bottom&#8221; width=&#8221;1\/1&#8243; delay=&#8221;650&#8243;][\/vc_column][\/vc_row][vc_row top_padding=&#8221;80&#8243; bottom_padding=&#8221;100&#8243; class=&#8221;skewedBoxBOTTOM&#8221;][vc_column animation=&#8221;fade-in-from-bottom&#8221; column_center=&#8221;true&#8221; width=&#8221;1\/2&#8243; delay=&#8221;650&#8243;][vc_column_text] \/ Consultoria Esportiva [\/vc_column_text][\/vc_column][vc_column column_center=&#8221;true&#8221; width=&#8221;1\/2&#8243;][\/vc_column][\/vc_row][vc_row top_padding=&#8221;80&#8243; bottom_padding=&#8221;40&#8243; row_id=&#8221;INTRO&#8221;][vc_column animation=&#8221;fade-in-from-left&#8221; column_padding=&#8221;padding-2&#8243; width=&#8221;1\/1&#8243; delay=&#8221;350&#8243;][vc_column_text] \/ A QUI VA DIRIGIT? [\/vc_column_text][vc_row_inner][vc_column_inner width=&#8221;1\/3&#8243; css=&#8221;.vc_custom_1561456159789{padding-top: 3% !important;padding-right: 3% !important;padding-bottom: 3% !important;padding-left: 3% !important;}&#8221;][vc_column_text] \/ CLUBS E INSTALACIONS ESPORTIVES [\/vc_column_text][\/vc_column_inner][vc_column_inner width=&#8221;1\/3&#8243; css=&#8221;.vc_custom_1561456175793{padding-top: 3% !important;padding-right: 3% !important;padding-bottom: 3% !important;padding-left: 3% !important;}&#8221;][\/vc_column_inner][vc_column_inner width=&#8221;1\/3&#8243; css=&#8221;.vc_custom_1561634081560{padding-top: 3% !important;padding-right: 3% !important;padding-bottom: 3% !important;padding-left: 3% !important;}&#8221;][\/vc_column_inner][\/vc_row_inner][vc_row_inner][vc_column_inner width=&#8221;1\/3&#8243; css=&#8221;.vc_custom_1561456159789{padding-top: 3% !important;padding-right: 3% !important;padding-bottom: 3% !important;padding-left: 3% !important;}&#8221;][vc_column_text] \/ ENTITATS I MARQUES [\/vc_column_text][\/vc_column_inner][vc_column_inner width=&#8221;1\/3&#8243; css=&#8221;.vc_custom_1561456175793{padding-top: 3% !important;padding-right: 3% !important;padding-bottom: 3% !important;padding-left: 3% !important;}&#8221;][\/vc_column_inner][vc_column_inner width=&#8221;1\/3&#8243; css=&#8221;.vc_custom_1561634081560{padding-top: 3% !important;padding-right: 3% !important;padding-bottom: 3% !important;padding-left: 3% !important;}&#8221;][\/vc_column_inner][\/vc_row_inner][\/vc_column][\/vc_row][vc_row][vc_column][vc_column_text] [\/vc_column_text][\/vc_column][\/vc_row][vc_row top_padding=&#8221;80&#8243; bottom_padding=&#8221;60&#8243;][vc_column width=&#8221;2\/3&#8243;][vc_column_text] \/ PROYECTES REALITZATS [\/vc_column_text][\/vc_column][vc_column text_align=&#8221;right&#8221; width=&#8221;1\/3&#8243;][\/vc_column][\/vc_row][vc_row type=&#8221;full_width_section&#8221; top_padding=&#8221;40&#8243; bottom_padding=&#8221;0&#8243;][vc_column width=&#8221;1\/1&#8243;][\/vc_column][\/vc_row]<\/p>\n","protected":false},"author":1,"featured_media":0,"parent":0,"menu_order":0,"comment_status":"closed","ping_status":"closed","template":"","meta":{"footnotes":""},"class_list":["post-18663","page","type-page","status-publish","hentry"],"yoast_head":"<!-- This site is optimized with the Yoast SEO plugin v25.6 - https:\/\/yoast.com\/wordpress\/plugins\/seo\/ -->\n<title>Consultoria esportiva - All Play<\/title>\n<meta name=\"robots\" content=\"index, follow, max-snippet:-1, max-image-preview:large, max-video-preview:-1\" \/>\n<link rel=\"canonical\" href=\"https:\/\/allplaysport.com\/ca\/consultoria-esportiva\/\" \/>\n<meta property=\"og:locale\" content=\"ca_ES\" \/>\n<meta property=\"og:type\" content=\"article\" \/>\n<meta property=\"og:title\" content=\"Consultoria esportiva - All Play\" \/>\n<meta property=\"og:description\" content=\"[vc_row bg_image=&#8221;18015&#8243; parallax_bg=&#8221;true&#8221; text_align=&#8221;center&#8221; top_padding=&#8221;150&#8243; bottom_padding=&#8221;150&#8243; class=&#8221;skewedBoxBOTTOM&#8221;][vc_column animation=&#8221;fade-in-from-bottom&#8221; width=&#8221;1\/1&#8243; delay=&#8221;650&#8243;][\/vc_column][\/vc_row][vc_row top_padding=&#8221;80&#8243; bottom_padding=&#8221;100&#8243; class=&#8221;skewedBoxBOTTOM&#8221;][vc_column animation=&#8221;fade-in-from-bottom&#8221; column_center=&#8221;true&#8221; width=&#8221;1\/2&#8243; delay=&#8221;650&#8243;][vc_column_text] \/ Consultoria Esportiva [\/vc_column_text][\/vc_column][vc_column column_center=&#8221;true&#8221; width=&#8221;1\/2&#8243;][\/vc_column][\/vc_row][vc_row top_padding=&#8221;80&#8243; bottom_padding=&#8221;40&#8243; row_id=&#8221;INTRO&#8221;][vc_column animation=&#8221;fade-in-from-left&#8221; column_padding=&#8221;padding-2&#8243; width=&#8221;1\/1&#8243; delay=&#8221;350&#8243;][vc_column_text] \/ A QUI VA DIRIGIT? [\/vc_column_text][vc_row_inner][vc_column_inner width=&#8221;1\/3&#8243; css=&#8221;.vc_custom_1561456159789{padding-top: 3% !important;padding-right: 3% !important;padding-bottom: 3% !important;padding-left: 3% !important;}&#8221;][vc_column_text] \/ CLUBS E INSTALACIONS ESPORTIVES [\/vc_column_text][\/vc_column_inner][vc_column_inner width=&#8221;1\/3&#8243; css=&#8221;.vc_custom_1561456175793{padding-top: 3% !important;padding-right: 3% !important;padding-bottom: 3% !important;padding-left: 3% !important;}&#8221;][\/vc_column_inner][vc_column_inner width=&#8221;1\/3&#8243; css=&#8221;.vc_custom_1561634081560{padding-top: 3% !important;padding-right: 3% !important;padding-bottom: 3% !important;padding-left: 3% !important;}&#8221;][\/vc_column_inner][\/vc_row_inner][vc_row_inner][vc_column_inner width=&#8221;1\/3&#8243; css=&#8221;.vc_custom_1561456159789{padding-top: 3% !important;padding-right: 3% !important;padding-bottom: 3% !important;padding-left: 3% !important;}&#8221;][vc_column_text] \/ ENTITATS I MARQUES [\/vc_column_text][\/vc_column_inner][vc_column_inner width=&#8221;1\/3&#8243; css=&#8221;.vc_custom_1561456175793{padding-top: 3% !important;padding-right: 3% !important;padding-bottom: 3% !important;padding-left: 3% !important;}&#8221;][\/vc_column_inner][vc_column_inner width=&#8221;1\/3&#8243; css=&#8221;.vc_custom_1561634081560{padding-top: 3% !important;padding-right: 3% !important;padding-bottom: 3% !important;padding-left: 3% !important;}&#8221;][\/vc_column_inner][\/vc_row_inner][\/vc_column][\/vc_row][vc_row][vc_column][vc_column_text] [\/vc_column_text][\/vc_column][\/vc_row][vc_row top_padding=&#8221;80&#8243; bottom_padding=&#8221;60&#8243;][vc_column width=&#8221;2\/3&#8243;][vc_column_text] \/ PROYECTES REALITZATS [\/vc_column_text][\/vc_column][vc_column text_align=&#8221;right&#8221; width=&#8221;1\/3&#8243;][\/vc_column][\/vc_row][vc_row type=&#8221;full_width_section&#8221; top_padding=&#8221;40&#8243; bottom_padding=&#8221;0&#8243;][vc_column width=&#8221;1\/1&#8243;][\/vc_column][\/vc_row]\" \/>\n<meta property=\"og:url\" content=\"https:\/\/allplaysport.com\/ca\/consultoria-esportiva\/\" \/>\n<meta property=\"og:site_name\" content=\"All Play\" \/>\n<meta property=\"article:modified_time\" content=\"2020-09-24T15:05:59+00:00\" \/>\n<meta name=\"twitter:card\" content=\"summary_large_image\" \/>\n<meta name=\"twitter:label1\" content=\"Temps estimat de lectura\" \/>\n\t<meta name=\"twitter:data1\" content=\"3 minuts\" \/>\n<script type=\"application\/ld+json\" class=\"yoast-schema-graph\">{\"@context\":\"https:\/\/schema.org\",\"@graph\":[{\"@type\":\"WebPage\",\"@id\":\"https:\/\/allplaysport.com\/ca\/consultoria-esportiva\/\",\"url\":\"https:\/\/allplaysport.com\/ca\/consultoria-esportiva\/\",\"name\":\"Consultoria esportiva - All Play\",\"isPartOf\":{\"@id\":\"https:\/\/allplaysport.com\/ca\/#website\"},\"datePublished\":\"2019-08-23T12:08:07+00:00\",\"dateModified\":\"2020-09-24T15:05:59+00:00\",\"breadcrumb\":{\"@id\":\"https:\/\/allplaysport.com\/ca\/consultoria-esportiva\/#breadcrumb\"},\"inLanguage\":\"ca\",\"potentialAction\":[{\"@type\":\"ReadAction\",\"target\":[\"https:\/\/allplaysport.com\/ca\/consultoria-esportiva\/\"]}]},{\"@type\":\"BreadcrumbList\",\"@id\":\"https:\/\/allplaysport.com\/ca\/consultoria-esportiva\/#breadcrumb\",\"itemListElement\":[{\"@type\":\"ListItem\",\"position\":1,\"name\":\"Portada\",\"item\":\"https:\/\/allplaysport.com\/ca\/\"},{\"@type\":\"ListItem\",\"position\":2,\"name\":\"Consultoria esportiva\"}]},{\"@type\":\"WebSite\",\"@id\":\"https:\/\/allplaysport.com\/ca\/#website\",\"url\":\"https:\/\/allplaysport.com\/ca\/\",\"name\":\"All Play\",\"description\":\"Sport Marketing\",\"potentialAction\":[{\"@type\":\"SearchAction\",\"target\":{\"@type\":\"EntryPoint\",\"urlTemplate\":\"https:\/\/allplaysport.com\/ca\/?s={search_term_string}\"},\"query-input\":{\"@type\":\"PropertyValueSpecification\",\"valueRequired\":true,\"valueName\":\"search_term_string\"}}],\"inLanguage\":\"ca\"}]}<\/script>\n<!-- \/ Yoast SEO plugin. -->","yoast_head_json":{"title":"Consultoria esportiva - All Play","robots":{"index":"index","follow":"follow","max-snippet":"max-snippet:-1","max-image-preview":"max-image-preview:large","max-video-preview":"max-video-preview:-1"},"canonical":"https:\/\/allplaysport.com\/ca\/consultoria-esportiva\/","og_locale":"ca_ES","og_type":"article","og_title":"Consultoria esportiva - All Play","og_description":"[vc_row bg_image=&#8221;18015&#8243; parallax_bg=&#8221;true&#8221; text_align=&#8221;center&#8221; top_padding=&#8221;150&#8243; bottom_padding=&#8221;150&#8243; class=&#8221;skewedBoxBOTTOM&#8221;][vc_column animation=&#8221;fade-in-from-bottom&#8221; width=&#8221;1\/1&#8243; delay=&#8221;650&#8243;][\/vc_column][\/vc_row][vc_row top_padding=&#8221;80&#8243; bottom_padding=&#8221;100&#8243; class=&#8221;skewedBoxBOTTOM&#8221;][vc_column animation=&#8221;fade-in-from-bottom&#8221; column_center=&#8221;true&#8221; width=&#8221;1\/2&#8243; delay=&#8221;650&#8243;][vc_column_text] \/ Consultoria Esportiva [\/vc_column_text][\/vc_column][vc_column column_center=&#8221;true&#8221; width=&#8221;1\/2&#8243;][\/vc_column][\/vc_row][vc_row top_padding=&#8221;80&#8243; bottom_padding=&#8221;40&#8243; row_id=&#8221;INTRO&#8221;][vc_column animation=&#8221;fade-in-from-left&#8221; column_padding=&#8221;padding-2&#8243; width=&#8221;1\/1&#8243; delay=&#8221;350&#8243;][vc_column_text] \/ A QUI VA DIRIGIT? [\/vc_column_text][vc_row_inner][vc_column_inner width=&#8221;1\/3&#8243; css=&#8221;.vc_custom_1561456159789{padding-top: 3% !important;padding-right: 3% !important;padding-bottom: 3% !important;padding-left: 3% !important;}&#8221;][vc_column_text] \/ CLUBS E INSTALACIONS ESPORTIVES [\/vc_column_text][\/vc_column_inner][vc_column_inner width=&#8221;1\/3&#8243; css=&#8221;.vc_custom_1561456175793{padding-top: 3% !important;padding-right: 3% !important;padding-bottom: 3% !important;padding-left: 3% !important;}&#8221;][\/vc_column_inner][vc_column_inner width=&#8221;1\/3&#8243; css=&#8221;.vc_custom_1561634081560{padding-top: 3% !important;padding-right: 3% !important;padding-bottom: 3% !important;padding-left: 3% !important;}&#8221;][\/vc_column_inner][\/vc_row_inner][vc_row_inner][vc_column_inner width=&#8221;1\/3&#8243; css=&#8221;.vc_custom_1561456159789{padding-top: 3% !important;padding-right: 3% !important;padding-bottom: 3% !important;padding-left: 3% !important;}&#8221;][vc_column_text] \/ ENTITATS I MARQUES [\/vc_column_text][\/vc_column_inner][vc_column_inner width=&#8221;1\/3&#8243; css=&#8221;.vc_custom_1561456175793{padding-top: 3% !important;padding-right: 3% !important;padding-bottom: 3% !important;padding-left: 3% !important;}&#8221;][\/vc_column_inner][vc_column_inner width=&#8221;1\/3&#8243; css=&#8221;.vc_custom_1561634081560{padding-top: 3% !important;padding-right: 3% !important;padding-bottom: 3% !important;padding-left: 3% !important;}&#8221;][\/vc_column_inner][\/vc_row_inner][\/vc_column][\/vc_row][vc_row][vc_column][vc_column_text] [\/vc_column_text][\/vc_column][\/vc_row][vc_row top_padding=&#8221;80&#8243; bottom_padding=&#8221;60&#8243;][vc_column width=&#8221;2\/3&#8243;][vc_column_text] \/ PROYECTES REALITZATS [\/vc_column_text][\/vc_column][vc_column text_align=&#8221;right&#8221; width=&#8221;1\/3&#8243;][\/vc_column][\/vc_row][vc_row type=&#8221;full_width_section&#8221; top_padding=&#8221;40&#8243; bottom_padding=&#8221;0&#8243;][vc_column width=&#8221;1\/1&#8243;][\/vc_column][\/vc_row]","og_url":"https:\/\/allplaysport.com\/ca\/consultoria-esportiva\/","og_site_name":"All Play","article_modified_time":"2020-09-24T15:05:59+00:00","twitter_card":"summary_large_image","twitter_misc":{"Temps estimat de lectura":"3 minuts"},"schema":{"@context":"https:\/\/schema.org","@graph":[{"@type":"WebPage","@id":"https:\/\/allplaysport.com\/ca\/consultoria-esportiva\/","url":"https:\/\/allplaysport.com\/ca\/consultoria-esportiva\/","name":"Consultoria esportiva - All Play","isPartOf":{"@id":"https:\/\/allplaysport.com\/ca\/#website"},"datePublished":"2019-08-23T12:08:07+00:00","dateModified":"2020-09-24T15:05:59+00:00","breadcrumb":{"@id":"https:\/\/allplaysport.com\/ca\/consultoria-esportiva\/#breadcrumb"},"inLanguage":"ca","potentialAction":[{"@type":"ReadAction","target":["https:\/\/allplaysport.com\/ca\/consultoria-esportiva\/"]}]},{"@type":"BreadcrumbList","@id":"https:\/\/allplaysport.com\/ca\/consultoria-esportiva\/#breadcrumb","itemListElement":[{"@type":"ListItem","position":1,"name":"Portada","item":"https:\/\/allplaysport.com\/ca\/"},{"@type":"ListItem","position":2,"name":"Consultoria esportiva"}]},{"@type":"WebSite","@id":"https:\/\/allplaysport.com\/ca\/#website","url":"https:\/\/allplaysport.com\/ca\/","name":"All Play","description":"Sport Marketing","potentialAction":[{"@type":"SearchAction","target":{"@type":"EntryPoint","urlTemplate":"https:\/\/allplaysport.com\/ca\/?s={search_term_string}"},"query-input":{"@type":"PropertyValueSpecification","valueRequired":true,"valueName":"search_term_string"}}],"inLanguage":"ca"}]}},"_links":{"self":[{"href":"https:\/\/allplaysport.com\/ca\/wp-json\/wp\/v2\/pages\/18663","targetHints":{"allow":["GET"]}}],"collection":[{"href":"https:\/\/allplaysport.com\/ca\/wp-json\/wp\/v2\/pages"}],"about":[{"href":"https:\/\/allplaysport.com\/ca\/wp-json\/wp\/v2\/types\/page"}],"author":[{"embeddable":true,"href":"https:\/\/allplaysport.com\/ca\/wp-json\/wp\/v2\/users\/1"}],"replies":[{"embeddable":true,"href":"https:\/\/allplaysport.com\/ca\/wp-json\/wp\/v2\/comments?post=18663"}],"version-history":[{"count":5,"href":"https:\/\/allplaysport.com\/ca\/wp-json\/wp\/v2\/pages\/18663\/revisions"}],"predecessor-version":[{"id":19956,"href":"https:\/\/allplaysport.com\/ca\/wp-json\/wp\/v2\/pages\/18663\/revisions\/19956"}],"wp:attachment":[{"href":"https:\/\/allplaysport.com\/ca\/wp-json\/wp\/v2\/media?parent=18663"}],"curies":[{"name":"wp","href":"https:\/\/api.w.org\/{rel}","templated":true}]}}